{"id":12,"date":"2024-03-01T19:26:15","date_gmt":"2024-03-01T18:26:15","guid":{"rendered":"http:\/\/addm.pl\/?page_id=12"},"modified":"2026-03-15T12:38:26","modified_gmt":"2026-03-15T11:38:26","slug":"informacje","status":"publish","type":"page","link":"https:\/\/addm.pl\/?page_id=12","title":{"rendered":"Informacje"},"content":{"rendered":"\n<div class=\"wp-block-cover alignfull is-light\" style=\"min-height:208px;aspect-ratio:unset;\"><span aria-hidden=\"true\" class=\"wp-block-cover__background has-nv-dark-bg-background-color has-background-dim-100 has-background-dim\"><\/span><div class=\"wp-block-cover__inner-container is-layout-flow wp-block-cover-is-layout-flow\">\n<div class=\"wp-block-group\"><div class=\"wp-block-group__inner-container is-layout-flow wp-block-group-is-layout-flow\">\n<h1 class=\"wp-block-heading has-text-align-left has-nv-site-bg-color has-text-color has-x-large-font-size\">Us\u0142uga Druku 3D<\/h1>\n<\/div><\/div>\n<\/div><\/div>\n\n\n\n<div class=\"wp-block-columns is-layout-flex wp-container-core-columns-is-layout-9d6595d7 wp-block-columns-is-layout-flex\">\n<div class=\"wp-block-column is-layout-flow wp-block-column-is-layout-flow\" style=\"flex-basis:100%\"><\/div>\n<\/div>\n\n\n\n<div class=\"wp-block-columns are-vertically-aligned-center is-layout-flex wp-container-core-columns-is-layout-9d6595d7 wp-block-columns-is-layout-flex\">\n<div class=\"wp-block-column is-vertically-aligned-center is-layout-flow wp-block-column-is-layout-flow\" style=\"flex-basis:50%\">\n<h2 class=\"wp-block-heading has-nv-dark-bg-color has-text-color\"><strong>Druk 3D z granulatu (pellet&nbsp;printing)<\/strong>&nbsp;<\/h2>\n\n\n\n<p class=\"has-text-align-left has-nv-dark-bg-color has-text-color has-medium-font-size\">Oferujemy zaawansowan\u0105 us\u0142ug\u0119 druku 3D z granulatu<strong>.<\/strong> Us\u0142uga realizowana jest z wykorzystaniem specjalistycznej g\u0142owicy drukuj\u0105cej do tworzyw w postaci granulatu, wyposa\u017conej w <strong>system automatycznej kalibracji oraz kontroli parametr\u00f3w pracy g\u0142owicy drukuj\u0105cej<\/strong>, kt\u00f3ry zosta\u0142 opracowany w ramach projektu <strong>FEMP.01.02-IP.01-0347\/23-00<\/strong>, wsp\u00f3\u0142finansowanego ze \u015brodk\u00f3w <strong>Funduszy Europejskich<\/strong>.\u00a0<\/p>\n\n\n\n<p class=\"has-text-align-left has-medium-font-size\">Wykorzystywana przez nas technologia druku z granulatu umo\u017cliwia realizacj\u0119\u202f<strong>wydruk\u00f3w<\/strong>\u202fo maksymalnych wymiarach&nbsp;<br>450 mm&nbsp;\u00d7&nbsp;450 mm \u00d7&nbsp;700 mm. <br>Nasze rozwi\u0105zanie wyr\u00f3\u017cnia si\u0119\u202f<strong>innowacyjn\u0105 kontrol\u0105 procesu wyt\u0142aczania<\/strong>, w tym mo\u017cliwo\u015bci\u0105\u202f<strong>retrakcji<s>i<\/s>&nbsp;materia\u0142u<\/strong>, co zapewnia wi\u0119ksz\u0105 precyzj\u0119, lepsz\u0105 jako\u015b\u0107 detali oraz szersze mo\u017cliwo\u015bci projektowe w por\u00f3wnaniu do standardowych system\u00f3w druku z granulatu.&nbsp;<\/p>\n\n\n\n<p class=\"has-medium-font-size\">Drukujemy m.in. z nast\u0119puj\u0105cych tworzyw:&nbsp;<\/p>\n\n\n\n<ul class=\"wp-block-list has-medium-font-size\">\n<li>PET&nbsp;<\/li>\n<\/ul>\n\n\n\n<ul class=\"wp-block-list has-medium-font-size\">\n<li>PET-G&nbsp;<\/li>\n<\/ul>\n\n\n\n<ul class=\"wp-block-list has-medium-font-size\">\n<li>PLA&nbsp;<\/li>\n\n\n\n<li>Inne&nbsp;tworzywa techniczne dost\u0119pne w formie granulatu \u2013 w zale\u017cno\u015bci od potrzeb projektu wsp\u00f3lnie przetestujemy&nbsp;odpwoiedni&nbsp;materia\u0142.&nbsp;<\/li>\n<\/ul>\n<\/div>\n\n\n\n<div class=\"wp-block-column is-vertically-aligned-center is-layout-flow wp-block-column-is-layout-flow\" style=\"flex-basis:50%\">\n<figure class=\"wp-block-image size-full is-resized\"><img loading=\"lazy\" decoding=\"async\" width=\"711\" height=\"965\" src=\"https:\/\/addm.pl\/wp-content\/uploads\/2026\/03\/IMG-20260308-WA0000.jpg\" alt=\"\" class=\"wp-image-483\" style=\"object-fit:cover;width:1200px;height:1100px\" srcset=\"https:\/\/addm.pl\/wp-content\/uploads\/2026\/03\/IMG-20260308-WA0000.jpg 711w, https:\/\/addm.pl\/wp-content\/uploads\/2026\/03\/IMG-20260308-WA0000-221x300.jpg 221w\" sizes=\"auto, (max-width: 711px) 100vw, 711px\" \/><\/figure>\n<\/div>\n<\/div>\n\n\n\n<div class=\"wp-block-group is-nowrap is-layout-flex wp-container-core-group-is-layout-ad2f72ca wp-block-group-is-layout-flex\">\n<figure class=\"wp-block-image size-full\"><img loading=\"lazy\" decoding=\"async\" width=\"945\" height=\"81\" src=\"https:\/\/addm.pl\/wp-content\/uploads\/2024\/12\/Logotypy.png\" alt=\"\" class=\"wp-image-309\" srcset=\"https:\/\/addm.pl\/wp-content\/uploads\/2024\/12\/Logotypy.png 945w, https:\/\/addm.pl\/wp-content\/uploads\/2024\/12\/Logotypy-300x26.png 300w, https:\/\/addm.pl\/wp-content\/uploads\/2024\/12\/Logotypy-768x66.png 768w, https:\/\/addm.pl\/wp-content\/uploads\/2024\/12\/Logotypy-930x81.png 930w\" sizes=\"auto, (max-width: 945px) 100vw, 945px\" \/><\/figure>\n<\/div>\n\n\n\n<div class=\"wp-block-group alignwide\"><div class=\"wp-block-group__inner-container is-layout-constrained wp-block-group-is-layout-constrained\">\n<div class=\"wp-block-cover\" style=\"min-height:143px;aspect-ratio:unset;\"><span aria-hidden=\"true\" class=\"wp-block-cover__background has-nv-site-bg-background-color has-background-dim-100 has-background-dim\"><\/span><div class=\"wp-block-cover__inner-container is-layout-constrained wp-block-cover-is-layout-constrained\">\n<p class=\"has-text-align-center has-large-font-size\"><\/p>\n<\/div><\/div>\n<\/div><\/div>\n\n\n\n<div class=\"wp-block-columns are-vertically-aligned-center has-nv-light-bg-background-color has-background is-layout-flex wp-container-core-columns-is-layout-9d6595d7 wp-block-columns-is-layout-flex\">\n<div class=\"wp-block-column is-vertically-aligned-center is-layout-flow wp-block-column-is-layout-flow\" style=\"flex-basis:50%\">\n<h2 class=\"wp-block-heading has-nv-dark-bg-color has-text-color\">Druk 3D FDM (drukarki filamentowe)<\/h2>\n\n\n\n<p class=\"has-nv-dark-bg-color has-text-color has-medium-font-size\">\u015awiadczymy r\u00f3wnie\u017c precyzyjne us\u0142ugi druku 3D w technologii <strong>FDM<\/strong>, wykorzystuj\u0105c nowoczesne i sprawdzone drukarki:<\/p>\n\n\n\n<ul class=\"wp-block-list\">\n<li class=\"has-medium-font-size\"><strong>Prusa MK4<\/strong><\/li>\n\n\n\n<li class=\"has-medium-font-size\"><strong>Bambu Lab X1<\/strong><\/li>\n<\/ul>\n\n\n\n<p class=\"has-medium-font-size\">Realizujemy zar\u00f3wno <strong>wydruki jednostkowe<\/strong>, jak i <strong>kr\u00f3tkie serie<\/strong>, zapewniaj\u0105c wysok\u0105 powtarzalno\u015b\u0107, dok\u0142adno\u015b\u0107 wymiarow\u0105 oraz estetyk\u0119 detalu.<\/p>\n\n\n\n<p class=\"has-medium-font-size\">Posiadamy do\u015bwiadczenie w pracy z projektami klient\u00f3w \u2013 mo\u017cemy:<\/p>\n\n\n\n<ul class=\"wp-block-list\">\n<li class=\"has-medium-font-size\">wykona\u0107 wydruk na podstawie <strong>gotowego modelu 3D<\/strong>,<\/li>\n\n\n\n<li class=\"has-medium-font-size\">pom\u00f3c w <strong>przygotowaniu modelu do druku<\/strong>,<\/li>\n\n\n\n<li class=\"has-medium-font-size\">doradzi\u0107 w zakresie technologii, materia\u0142u i parametr\u00f3w druku.<\/li>\n<\/ul>\n\n\n\n<p class=\"has-nv-dark-bg-color has-text-color has-medium-font-size\">Ka\u017cde zlecenie traktujemy indywidualnie, dbaj\u0105c o jako\u015b\u0107, terminowo\u015b\u0107 oraz dopasowanie procesu do rzeczywistych potrzeb projektu.<\/p>\n\n\n\n<div style=\"height:20px\" aria-hidden=\"true\" class=\"wp-block-spacer\"><\/div>\n\n\n\n<div style=\"height:20px\" aria-hidden=\"true\" class=\"wp-block-spacer\"><\/div>\n<\/div>\n\n\n\n<div class=\"wp-block-column is-vertically-aligned-center is-layout-flow wp-block-column-is-layout-flow\" style=\"flex-basis:50%\">\n<figure class=\"wp-block-image size-large\"><img loading=\"lazy\" decoding=\"async\" width=\"722\" height=\"1024\" src=\"https:\/\/addm.pl\/wp-content\/uploads\/2026\/02\/AdobeStock_1198734256-722x1024.jpeg\" alt=\"\" class=\"wp-image-395\" srcset=\"https:\/\/addm.pl\/wp-content\/uploads\/2026\/02\/AdobeStock_1198734256-722x1024.jpeg 722w, https:\/\/addm.pl\/wp-content\/uploads\/2026\/02\/AdobeStock_1198734256-211x300.jpeg 211w, https:\/\/addm.pl\/wp-content\/uploads\/2026\/02\/AdobeStock_1198734256-768x1090.jpeg 768w, https:\/\/addm.pl\/wp-content\/uploads\/2026\/02\/AdobeStock_1198734256-1083x1536.jpeg 1083w, https:\/\/addm.pl\/wp-content\/uploads\/2026\/02\/AdobeStock_1198734256-1444x2048.jpeg 1444w, https:\/\/addm.pl\/wp-content\/uploads\/2026\/02\/AdobeStock_1198734256-scaled.jpeg 1804w\" sizes=\"auto, (max-width: 722px) 100vw, 722px\" \/><\/figure>\n<\/div>\n<\/div>\n","protected":false},"excerpt":{"rendered":"<p>Druk 3D z granulatu (pellet&nbsp;printing)&nbsp; Oferujemy zaawansowan\u0105 us\u0142ug\u0119 druku 3D z granulatu. Us\u0142uga realizowana jest z wykorzystaniem specjalistycznej g\u0142owicy drukuj\u0105cej do tworzyw w postaci granulatu, wyposa\u017conej w system automatycznej kalibracji oraz kontroli parametr\u00f3w pracy g\u0142owicy drukuj\u0105cej, kt\u00f3ry zosta\u0142 opracowany w ramach projektu FEMP.01.02-IP.01-0347\/23-00, wsp\u00f3\u0142finansowanego ze \u015brodk\u00f3w Funduszy Europejskich.\u00a0 Wykorzystywana przez nas technologia druku z granulatu&hellip;&nbsp;<a href=\"https:\/\/addm.pl\/?page_id=12\" class=\"\" rel=\"bookmark\">Czytaj dalej &raquo;<span class=\"screen-reader-text\">Informacje<\/span><\/a><\/p>\n","protected":false},"author":3,"featured_media":0,"parent":0,"menu_order":0,"comment_status":"closed","ping_status":"closed","template":"","meta":{"inline_featured_image":false,"neve_meta_sidebar":"","neve_meta_container":"","neve_meta_enable_content_width":"on","neve_meta_content_width":100,"neve_meta_title_alignment":"","neve_meta_author_avatar":"","neve_post_elements_order":"","neve_meta_disable_header":"","neve_meta_disable_footer":"","neve_meta_disable_title":"on","footnotes":""},"class_list":["post-12","page","type-page","status-publish","hentry"],"_links":{"self":[{"href":"https:\/\/addm.pl\/index.php?rest_route=\/wp\/v2\/pages\/12","targetHints":{"allow":["GET"]}}],"collection":[{"href":"https:\/\/addm.pl\/index.php?rest_route=\/wp\/v2\/pages"}],"about":[{"href":"https:\/\/addm.pl\/index.php?rest_route=\/wp\/v2\/types\/page"}],"author":[{"embeddable":true,"href":"https:\/\/addm.pl\/index.php?rest_route=\/wp\/v2\/users\/3"}],"replies":[{"embeddable":true,"href":"https:\/\/addm.pl\/index.php?rest_route=%2Fwp%2Fv2%2Fcomments&post=12"}],"version-history":[{"count":31,"href":"https:\/\/addm.pl\/index.php?rest_route=\/wp\/v2\/pages\/12\/revisions"}],"predecessor-version":[{"id":491,"href":"https:\/\/addm.pl\/index.php?rest_route=\/wp\/v2\/pages\/12\/revisions\/491"}],"wp:attachment":[{"href":"https:\/\/addm.pl\/index.php?rest_route=%2Fwp%2Fv2%2Fmedia&parent=12"}],"curies":[{"name":"wp","href":"https:\/\/api.w.org\/{rel}","templated":true}]}}