{"id":11,"date":"2024-03-01T19:26:15","date_gmt":"2024-03-01T18:26:15","guid":{"rendered":"http:\/\/addm.pl\/?page_id=11"},"modified":"2026-02-17T20:37:38","modified_gmt":"2026-02-17T19:37:38","slug":"strona-glowna","status":"publish","type":"page","link":"https:\/\/addm.pl\/","title":{"rendered":"Strona g\u0142\u00f3wna"},"content":{"rendered":"\n<h2 class=\"wp-block-heading has-text-align-left has-nv-site-bg-color has-text-color\"><\/h2>\n\n\n\n<div class=\"wp-block-cover alignfull is-light\" style=\"padding-top:0;min-height:183px;aspect-ratio:unset;\"><span aria-hidden=\"true\" class=\"wp-block-cover__background has-nv-dark-bg-background-color has-background-dim-100 has-background-dim\"><\/span><div class=\"wp-block-cover__inner-container is-layout-flow wp-block-cover-is-layout-flow\">\n<p class=\"has-text-align-center has-large-font-size\"><\/p>\n<\/div><\/div>\n\n\n\n<div class=\"wp-block-cover alignfull is-light wp-duotone-333-rgb515151-1\" style=\"min-height:600px;aspect-ratio:unset;\"><span aria-hidden=\"true\" class=\"wp-block-cover__background has-nv-site-bg-background-color has-background-dim-100 has-background-dim\"><\/span><div class=\"wp-block-cover__inner-container is-layout-flow wp-block-cover-is-layout-flow\">\n<div class=\"wp-block-group\"><div class=\"wp-block-group__inner-container is-layout-flow wp-block-group-is-layout-flow\">\n<div style=\"height:80px\" aria-hidden=\"true\" class=\"wp-block-spacer\"><\/div>\n\n\n\n<div class=\"wp-block-columns are-vertically-aligned-center is-layout-flex wp-container-core-columns-is-layout-9d6595d7 wp-block-columns-is-layout-flex\">\n<div class=\"wp-block-column is-vertically-aligned-center is-layout-flow wp-block-column-is-layout-flow\" style=\"flex-basis:50%\">\n<figure class=\"wp-block-image size-large\"><img loading=\"lazy\" decoding=\"async\" width=\"1024\" height=\"683\" src=\"https:\/\/addm.pl\/wp-content\/uploads\/2024\/03\/zdjecie-1-1024x683.jpeg\" alt=\"\" class=\"wp-image-55\" style=\"object-fit:cover\" srcset=\"https:\/\/addm.pl\/wp-content\/uploads\/2024\/03\/zdjecie-1-1024x683.jpeg 1024w, https:\/\/addm.pl\/wp-content\/uploads\/2024\/03\/zdjecie-1-300x200.jpeg 300w, https:\/\/addm.pl\/wp-content\/uploads\/2024\/03\/zdjecie-1-768x512.jpeg 768w, https:\/\/addm.pl\/wp-content\/uploads\/2024\/03\/zdjecie-1-1536x1024.jpeg 1536w, https:\/\/addm.pl\/wp-content\/uploads\/2024\/03\/zdjecie-1-2048x1365.jpeg 2048w, https:\/\/addm.pl\/wp-content\/uploads\/2024\/03\/zdjecie-1-930x620.jpeg 930w\" sizes=\"auto, (max-width: 1024px) 100vw, 1024px\" \/><\/figure>\n<\/div>\n\n\n\n<div class=\"wp-block-column is-vertically-aligned-center is-layout-flow wp-block-column-is-layout-flow\" style=\"flex-basis:50%\">\n<div class=\"wp-block-buttons is-content-justification-left is-layout-flex wp-container-core-buttons-is-layout-fdcfc74e wp-block-buttons-is-layout-flex\"><\/div>\n\n\n\n<h2 class=\"wp-block-heading has-text-align-left has-neve-text-color-color has-text-color\"><strong>O firmie<\/strong><\/h2>\n\n\n\n<p class=\"has-text-align-left has-neve-text-color-color has-text-color\" style=\"font-size:17px\">Bazuj\u0105c na do\u015bwiadczonej kadrze in\u017cynierskiej oraz wsp\u00f3\u0142pracy                    z jednostkami naukowymi realizujemy interdyscyplinarne projekty przemys\u0142owe oraz projekty badawczo-rozwojowe w zakresie projektowania   i budowy maszyn, i urz\u0105dze\u0144 automatyzacji proces\u00f3w technologicznych oraz opracowania rozwi\u0105za\u0144 dedykowanych dla technologii wytwarzania przyrostowego. \u015awiadczymy us\u0142ugi w zakresie projektowania CAD                 i doradztwa technicznego oraz wytwarzania element\u00f3w w technologiach przyrostowych.<\/p>\n\n\n\n<div style=\"height:40px\" aria-hidden=\"true\" class=\"wp-block-spacer\"><\/div>\n<\/div>\n<\/div>\n\n\n\n<div style=\"height:40px\" aria-hidden=\"true\" class=\"wp-block-spacer\"><\/div>\n<\/div><\/div>\n<\/div><\/div>\n\n\n\n<div style=\"height:12px\" aria-hidden=\"true\" class=\"wp-block-spacer\"><\/div>\n\n\n\n<div class=\"wp-block-cover alignfull is-light wp-duotone-rgb255255255-ccc-2\" style=\"min-height:600px;aspect-ratio:unset;\"><span aria-hidden=\"true\" class=\"wp-block-cover__background has-nv-light-bg-background-color has-background-dim-100 has-background-dim\"><\/span><div class=\"wp-block-cover__inner-container is-layout-flow wp-block-cover-is-layout-flow\">\n<div class=\"wp-block-group\"><div class=\"wp-block-group__inner-container is-layout-flow wp-block-group-is-layout-flow\">\n<div style=\"height:0px\" aria-hidden=\"true\" class=\"wp-block-spacer\"><\/div>\n\n\n\n<div class=\"wp-block-columns are-vertically-aligned-center is-layout-flex wp-container-core-columns-is-layout-9d6595d7 wp-block-columns-is-layout-flex\">\n<div class=\"wp-block-column is-vertically-aligned-center is-layout-flow wp-block-column-is-layout-flow\" style=\"flex-basis:50%\">\n<div style=\"height:20px\" aria-hidden=\"true\" class=\"wp-block-spacer\"><\/div>\n\n\n\n<h2 class=\"wp-block-heading has-text-align-left has-neve-text-color-color has-text-color\"><strong>Projektowanie i budowa maszyn i urz\u0105dze\u0144<\/strong><\/h2>\n\n\n\n<p class=\"has-text-align-left has-neve-text-color-color has-text-color\" style=\"font-size:17px\">Zajmujemy si\u0119 kompleksowym projektowaniem maszyn i urz\u0105dze\u0144 dla Twojego przemys\u0142u. Nasz zesp\u00f3\u0142 posiada do\u015bwiadczenie w projektowaniu maszyn zar\u00f3wno przemys\u0142owych jak i prototyp\u00f3w dla bada\u0144 naukowych.<\/p>\n\n\n\n<div class=\"wp-block-buttons is-content-justification-left is-layout-flex wp-container-core-buttons-is-layout-fdcfc74e wp-block-buttons-is-layout-flex\"><\/div>\n<\/div>\n\n\n\n<div class=\"wp-block-column is-vertically-aligned-center is-layout-flow wp-block-column-is-layout-flow\" style=\"flex-basis:50%\">\n<figure class=\"wp-block-image size-large\"><img loading=\"lazy\" decoding=\"async\" width=\"1024\" height=\"767\" src=\"https:\/\/addm.pl\/wp-content\/uploads\/2024\/03\/zdj-oferta1-edited-1024x767.jpeg\" alt=\"\" class=\"wp-image-69\" srcset=\"https:\/\/addm.pl\/wp-content\/uploads\/2024\/03\/zdj-oferta1-edited-1024x767.jpeg 1024w, https:\/\/addm.pl\/wp-content\/uploads\/2024\/03\/zdj-oferta1-edited-300x225.jpeg 300w, https:\/\/addm.pl\/wp-content\/uploads\/2024\/03\/zdj-oferta1-edited-768x575.jpeg 768w, https:\/\/addm.pl\/wp-content\/uploads\/2024\/03\/zdj-oferta1-edited-1536x1151.jpeg 1536w, https:\/\/addm.pl\/wp-content\/uploads\/2024\/03\/zdj-oferta1-edited-2048x1534.jpeg 2048w\" sizes=\"auto, (max-width: 1024px) 100vw, 1024px\" \/><\/figure>\n<\/div>\n<\/div>\n\n\n\n<div style=\"height:8px\" aria-hidden=\"true\" class=\"wp-block-spacer\"><\/div>\n<\/div><\/div>\n<\/div><\/div>\n\n\n\n<div class=\"wp-block-cover alignfull is-light wp-duotone-333-rgb515151-3\" style=\"min-height:600px;aspect-ratio:unset;\"><span aria-hidden=\"true\" class=\"wp-block-cover__background has-nv-site-bg-background-color has-background-dim-100 has-background-dim\"><\/span><div class=\"wp-block-cover__inner-container is-layout-flow wp-block-cover-is-layout-flow\">\n<div class=\"wp-block-group\"><div class=\"wp-block-group__inner-container is-layout-flow wp-block-group-is-layout-flow\">\n<div style=\"height:0px\" aria-hidden=\"true\" class=\"wp-block-spacer\"><\/div>\n\n\n\n<div class=\"wp-block-columns are-vertically-aligned-center is-layout-flex wp-container-core-columns-is-layout-9d6595d7 wp-block-columns-is-layout-flex\">\n<div class=\"wp-block-column is-vertically-aligned-center is-layout-flow wp-block-column-is-layout-flow\" style=\"flex-basis:50%\">\n<figure class=\"wp-block-image size-large\"><img loading=\"lazy\" decoding=\"async\" width=\"1024\" height=\"768\" src=\"https:\/\/addm.pl\/wp-content\/uploads\/2024\/03\/zdj-oferta2-edited-1024x768.jpeg\" alt=\"\" class=\"wp-image-70\" style=\"object-fit:cover\" srcset=\"https:\/\/addm.pl\/wp-content\/uploads\/2024\/03\/zdj-oferta2-edited-1024x768.jpeg 1024w, https:\/\/addm.pl\/wp-content\/uploads\/2024\/03\/zdj-oferta2-edited-300x225.jpeg 300w, https:\/\/addm.pl\/wp-content\/uploads\/2024\/03\/zdj-oferta2-edited-768x576.jpeg 768w, https:\/\/addm.pl\/wp-content\/uploads\/2024\/03\/zdj-oferta2-edited-1536x1152.jpeg 1536w, https:\/\/addm.pl\/wp-content\/uploads\/2024\/03\/zdj-oferta2-edited-2048x1536.jpeg 2048w\" sizes=\"auto, (max-width: 1024px) 100vw, 1024px\" \/><\/figure>\n<\/div>\n\n\n\n<div class=\"wp-block-column is-vertically-aligned-center is-layout-flow wp-block-column-is-layout-flow\" style=\"flex-basis:50%\">\n<div class=\"wp-block-buttons is-content-justification-left is-layout-flex wp-container-core-buttons-is-layout-fdcfc74e wp-block-buttons-is-layout-flex\"><\/div>\n\n\n\n<h2 class=\"wp-block-heading has-text-align-left has-neve-text-color-color has-text-color\"><strong>Automatyzacja produkcji i proces\u00f3w technologicznych<\/strong><\/h2>\n\n\n\n<p class=\"has-text-align-left has-neve-text-color-color has-text-color\" style=\"font-size:17px\">Chcesz zautomatyzowa\u0107 procesy w swojej firmie? Nasz do\u015bwiadczony zesp\u00f3\u0142 pomo\u017ce Ci dobra\u0107 i zrealizowa\u0107 odpowiednie rozwi\u0105zanie.<\/p>\n\n\n\n<div style=\"height:40px\" aria-hidden=\"true\" class=\"wp-block-spacer\"><\/div>\n<\/div>\n<\/div>\n\n\n\n<div style=\"height:0px\" aria-hidden=\"true\" class=\"wp-block-spacer\"><\/div>\n<\/div><\/div>\n<\/div><\/div>\n\n\n\n<div class=\"wp-block-cover alignfull is-light has-nv-dark-bg-color has-text-color has-link-color wp-elements-b287f831a0634982af53cef491042291\" style=\"min-height:600px;aspect-ratio:unset;\"><span aria-hidden=\"true\" class=\"wp-block-cover__background has-nv-light-bg-background-color has-background-dim-100 has-background-dim\"><\/span><div class=\"wp-block-cover__inner-container is-layout-flow wp-block-cover-is-layout-flow\">\n<div class=\"wp-block-group\"><div class=\"wp-block-group__inner-container is-layout-flow wp-block-group-is-layout-flow\">\n<div style=\"height:9px\" aria-hidden=\"true\" class=\"wp-block-spacer\"><\/div>\n\n\n\n<div class=\"wp-block-columns are-vertically-aligned-center is-layout-flex wp-container-core-columns-is-layout-9d6595d7 wp-block-columns-is-layout-flex\">\n<div class=\"wp-block-column is-vertically-aligned-center is-layout-flow wp-block-column-is-layout-flow\" style=\"flex-basis:50%\">\n<figure class=\"wp-block-image size-large\"><img loading=\"lazy\" decoding=\"async\" width=\"1024\" height=\"768\" src=\"https:\/\/addm.pl\/wp-content\/uploads\/2024\/03\/zdj-oferta4-edited-1024x768.jpeg\" alt=\"\" class=\"wp-image-72\" srcset=\"https:\/\/addm.pl\/wp-content\/uploads\/2024\/03\/zdj-oferta4-edited-1024x768.jpeg 1024w, https:\/\/addm.pl\/wp-content\/uploads\/2024\/03\/zdj-oferta4-edited-300x225.jpeg 300w, https:\/\/addm.pl\/wp-content\/uploads\/2024\/03\/zdj-oferta4-edited-768x576.jpeg 768w, https:\/\/addm.pl\/wp-content\/uploads\/2024\/03\/zdj-oferta4-edited-1536x1152.jpeg 1536w, https:\/\/addm.pl\/wp-content\/uploads\/2024\/03\/zdj-oferta4-edited-2048x1535.jpeg 2048w\" sizes=\"auto, (max-width: 1024px) 100vw, 1024px\" \/><\/figure>\n<\/div>\n\n\n\n<div class=\"wp-block-column is-vertically-aligned-center is-layout-flow wp-block-column-is-layout-flow\" style=\"flex-basis:50%\">\n<h2 class=\"wp-block-heading has-text-align-left has-nv-dark-bg-color has-text-color\"><strong>Wytwarzanie element\u00f3w w technologiach przyrostowych<\/strong><\/h2>\n\n\n\n<p class=\"has-text-align-left has-nv-dark-bg-color has-text-color\" style=\"font-size:17px\">\u015awiadczymy us\u0142ugi druku 3D, w technologii FDM. Tworzymy projekty na podstawie Twojego szkicu. Wykonujemy wst\u0119pne prototypy, drukujemy wed\u0142ug Twoich modeli. Potrzebujesz wydruku? Zg\u0142o\u015b si\u0119 do nas przez formularz kontaktowy.<\/p>\n\n\n\n<div style=\"height:40px\" aria-hidden=\"true\" class=\"wp-block-spacer\"><\/div>\n\n\n\n<div class=\"wp-block-buttons is-content-justification-left is-layout-flex wp-container-core-buttons-is-layout-fdcfc74e wp-block-buttons-is-layout-flex\"><\/div>\n<\/div>\n<\/div>\n\n\n\n<div style=\"height:3px\" aria-hidden=\"true\" class=\"wp-block-spacer\"><\/div>\n<\/div><\/div>\n<\/div><\/div>\n\n\n\n<div class=\"wp-block-cover alignfull is-light\" style=\"min-height:436px;aspect-ratio:unset;\"><span aria-hidden=\"true\" class=\"wp-block-cover__background has-background-dim-100 has-background-dim\" style=\"background-color:#598fc6\"><\/span><div class=\"wp-block-cover__inner-container is-layout-flow wp-block-cover-is-layout-flow\">\n<h3 class=\"wp-block-heading has-text-align-center has-nv-site-bg-color has-text-color has-link-color has-x-large-font-size wp-elements-51506d355259adf07e94a8fe3ebdec3a\">Skontaktuj si\u0119 z nami !<\/h3>\n\n\n<div class=\"wp-block-image wp-duotone-unset-4\">\n<figure class=\"aligncenter size-full is-resized has-custom-border\"><img loading=\"lazy\" decoding=\"async\" width=\"44\" height=\"36\" src=\"https:\/\/addm.pl\/wp-content\/uploads\/2024\/04\/toom.png\" alt=\"\" class=\"wp-image-267\" style=\"border-style:none;border-width:0px;border-top-left-radius:0px;border-top-right-radius:0px;border-bottom-left-radius:0px;border-bottom-right-radius:0px;width:46px;height:auto\"\/><\/figure>\n<\/div>\n\n\n<div class=\"wp-block-group\"><div class=\"wp-block-group__inner-container is-layout-flow wp-block-group-is-layout-flow\">\n<div style=\"height:3px\" aria-hidden=\"true\" class=\"wp-block-spacer\"><\/div>\n<\/div><\/div>\n\n\n\n<div class=\"wp-block-buttons is-content-justification-right is-layout-flex wp-container-core-buttons-is-layout-e67d7449 wp-block-buttons-is-layout-flex\">\n<div class=\"wp-block-button is-style-primary\"><a class=\"wp-block-button__link has-nv-site-bg-color has-text-color has-background has-link-color has-border-color has-nv-site-bg-border-color has-text-align-center wp-element-button\" href=\"https:\/\/addm.pl\/?page_id=13\" style=\"border-width:4px;border-radius:29px;background-color:#598fc6\">Kontakt<\/a><\/div>\n<\/div>\n<\/div><\/div>\n","protected":false},"excerpt":{"rendered":"","protected":false},"author":3,"featured_media":0,"parent":0,"menu_order":0,"comment_status":"closed","ping_status":"closed","template":"","meta":{"inline_featured_image":false,"neve_meta_sidebar":"","neve_meta_container":"","neve_meta_enable_content_width":"on","neve_meta_content_width":100,"neve_meta_title_alignment":"","neve_meta_author_avatar":"","neve_post_elements_order":"","neve_meta_disable_header":"","neve_meta_disable_footer":"","neve_meta_disable_title":"on","footnotes":""},"class_list":["post-11","page","type-page","status-publish","hentry"],"_links":{"self":[{"href":"https:\/\/addm.pl\/index.php?rest_route=\/wp\/v2\/pages\/11","targetHints":{"allow":["GET"]}}],"collection":[{"href":"https:\/\/addm.pl\/index.php?rest_route=\/wp\/v2\/pages"}],"about":[{"href":"https:\/\/addm.pl\/index.php?rest_route=\/wp\/v2\/types\/page"}],"author":[{"embeddable":true,"href":"https:\/\/addm.pl\/index.php?rest_route=\/wp\/v2\/users\/3"}],"replies":[{"embeddable":true,"href":"https:\/\/addm.pl\/index.php?rest_route=%2Fwp%2Fv2%2Fcomments&post=11"}],"version-history":[{"count":37,"href":"https:\/\/addm.pl\/index.php?rest_route=\/wp\/v2\/pages\/11\/revisions"}],"predecessor-version":[{"id":448,"href":"https:\/\/addm.pl\/index.php?rest_route=\/wp\/v2\/pages\/11\/revisions\/448"}],"wp:attachment":[{"href":"https:\/\/addm.pl\/index.php?rest_route=%2Fwp%2Fv2%2Fmedia&parent=11"}],"curies":[{"name":"wp","href":"https:\/\/api.w.org\/{rel}","templated":true}]}}